{"id":7,"date":"2017-01-14T01:19:50","date_gmt":"2017-01-14T01:19:50","guid":{"rendered":"http:\/\/thecorvallisworkshops.org\/?page_id=7"},"modified":"2026-03-03T10:18:22","modified_gmt":"2026-03-03T18:18:22","slug":"home","status":"publish","type":"page","link":"https:\/\/thecorvallisworkshops.org\/es\/","title":{"rendered":"Talleres Corvallis-Medell\u00edn"},"content":{"rendered":"<h1><strong>Talleres Corvallis-Medell\u00edn de construcci\u00f3n sostenible<\/strong><br \/>\n<strong>10-12 de agosto de 2026<\/strong><br \/>\n<strong>Medell\u00edn, Colombia<\/strong><\/h1>\n<p><strong>\u201cTransferencia de conocimientos y experiencias: Un di\u00e1logo multisectorial para potenciar el uso de los residuos de construcci\u00f3n y demolici\u00f3n (RCD) en la econom\u00eda circular\u201d<\/strong><\/p>\n<p><img data-recalc-dims=\"1\" loading=\"lazy\" decoding=\"async\" class=\"alignnone wp-image-316 size-large\" src=\"https:\/\/i0.wp.com\/thecorvallisworkshops.org\/wp-content\/uploads\/2017\/01\/Group-Photo.jpg?resize=525%2C204&#038;ssl=1\" alt=\"Students gathered during a past workshop\" width=\"525\" height=\"204\" srcset=\"https:\/\/i0.wp.com\/thecorvallisworkshops.org\/wp-content\/uploads\/2017\/01\/Group-Photo.jpg?resize=1024%2C397&amp;ssl=1 1024w, https:\/\/i0.wp.com\/thecorvallisworkshops.org\/wp-content\/uploads\/2017\/01\/Group-Photo.jpg?resize=300%2C116&amp;ssl=1 300w, https:\/\/i0.wp.com\/thecorvallisworkshops.org\/wp-content\/uploads\/2017\/01\/Group-Photo.jpg?resize=768%2C298&amp;ssl=1 768w, https:\/\/i0.wp.com\/thecorvallisworkshops.org\/wp-content\/uploads\/2017\/01\/Group-Photo.jpg?w=1800&amp;ssl=1 1800w, https:\/\/i0.wp.com\/thecorvallisworkshops.org\/wp-content\/uploads\/2017\/01\/Group-Photo.jpg?w=1575&amp;ssl=1 1575w\" sizes=\"auto, (max-width: 525px) 100vw, 525px\" \/><\/p>\n<p><img data-recalc-dims=\"1\" loading=\"lazy\" decoding=\"async\" class=\"alignnone wp-image-640 size-large\" src=\"https:\/\/i0.wp.com\/thecorvallisworkshops.org\/wp-content\/uploads\/2025\/11\/Universities_V1.jpg?resize=525%2C152&#038;ssl=1\" alt=\"OSU, Colorado School of Mines, Universidad Nacional De Colombia\" width=\"525\" height=\"152\" srcset=\"https:\/\/i0.wp.com\/thecorvallisworkshops.org\/wp-content\/uploads\/2025\/11\/Universities_V1.jpg?resize=1024%2C296&amp;ssl=1 1024w, https:\/\/i0.wp.com\/thecorvallisworkshops.org\/wp-content\/uploads\/2025\/11\/Universities_V1.jpg?resize=300%2C87&amp;ssl=1 300w, https:\/\/i0.wp.com\/thecorvallisworkshops.org\/wp-content\/uploads\/2025\/11\/Universities_V1.jpg?resize=768%2C222&amp;ssl=1 768w, https:\/\/i0.wp.com\/thecorvallisworkshops.org\/wp-content\/uploads\/2025\/11\/Universities_V1.jpg?resize=1536%2C444&amp;ssl=1 1536w, https:\/\/i0.wp.com\/thecorvallisworkshops.org\/wp-content\/uploads\/2025\/11\/Universities_V1.jpg?w=1945&amp;ssl=1 1945w\" sizes=\"auto, (max-width: 525px) 100vw, 525px\" \/><\/p>\n<p><strong>Organizadores<\/strong><br \/>\nDr. Carlos Maurico Bedoya<br \/>\nDr. Juan Lucena<br \/>\nDr. Jason H. Ideker<\/p>\n<p><strong>Prop\u00f3sito<br \/>\n<\/strong>Este evento reunir\u00e1 m\u00faltiples perspectivas implicadas en las m\u00faltiples fases de los residuos de construcci\u00f3n y demolici\u00f3n (RCD) para aumentar los beneficios de su uso en diferentes sectores de la sociedad y lugares del medio ambiente. El objetivo principal es crear e intercambiar nuevos conocimientos entre sectores que contribuyan a la educaci\u00f3n, las pol\u00edticas p\u00fablicas y las pr\u00e1cticas profesionales y empresariales relacionadas con la construcci\u00f3n sostenible. Entre los temas que se tratar\u00e1n figuran los conocimientos locales sobre demolici\u00f3n, eliminaci\u00f3n, recogida y tratamiento de RCD, fabricaci\u00f3n y uso de ecomateriales y hormig\u00f3n reciclado para proyectos comunitarios, directrices institucionales para el uso de RCD en obras p\u00fablicas y privadas, y fortalecimiento de redes entre microempresas y peque\u00f1as empresas.<\/p>\n<p><strong>Participantes<br \/>\n<\/strong>Participar\u00e1n profesores, estudiantes, representantes de la industria cementera y de la construcci\u00f3n, l\u00edderes de asociaciones de reciclaje de RCD, representantes de iniciativas industriales y comunitarias para el aprovechamiento de RCD, funcionarios del sector p\u00fablico, miembros de entidades que desarrollan normas t\u00e9cnicas para el sector (por ejemplo,ASTM, ICONTEC y ACI) y actores del sector p\u00fablico que prestan servicios de gesti\u00f3n de RCD como Empresas P\u00fablicas de Medell\u00edn (EPM).<\/p>\n<p><strong>Metodolog\u00eda<br \/>\n<\/strong>Durante los tres d\u00edas del evento, los participantes realizar\u00e1n una serie de actividades participativas de creaci\u00f3n de conocimiento destinadas a comprenderse mutuamente, valorar los distintos conocimientos e influir en la educaci\u00f3n, las pr\u00e1cticas y las pol\u00edticas. \u00c9stas incluir\u00e1n un mapeo participativo de los RCD, breves conferencias interactivas, debates, grupos de trabajo y dos visitas a plantas de reciclaje de RCD, una de ellas a escala industrial y otra a peque\u00f1a escala de base comunitaria, ambas con un impacto significativo en la definici\u00f3n de pol\u00edticas p\u00fablicas relativas al uso de ecomateriales en el sector de la construcci\u00f3n y las infraestructuras. Todos los sectores participantes tendr\u00e1n la oportunidad de presentar, debatir y trabajar en grupos tem\u00e1ticos.<\/p>","protected":false},"excerpt":{"rendered":"<p>Corvallis-Medell\u00edn Workshops in Sustainable Construction 10-12 August 2026 Medell\u00edn, Colombia \u201cKnowledge Transfer and Expertises: A multi-sector dialogue to enhance the use of construction and demolition waste (CDW) in the circular economy\u201d Organizers Dr. Carlos Maurico Bedoya Dr. Juan Lucena Dr. Jason H. Ideker Purpose This event will bring together multiple perspectives involved in the many &hellip; <\/p>\n<p class=\"link-more\"><a href=\"https:\/\/thecorvallisworkshops.org\/es\/\" class=\"more-link\">Continuar leyendo<span class=\"screen-reader-text\"> &#8220;The Corvallis-Medell\u00edn Workshops&#8221;<\/span><\/a><\/p>","protected":false},"author":1,"featured_media":0,"parent":0,"menu_order":0,"comment_status":"closed","ping_status":"closed","template":"","meta":{"jetpack_post_was_ever_published":false,"footnotes":""},"class_list":["post-7","page","type-page","status-publish","hentry"],"aioseo_notices":[],"jetpack_sharing_enabled":true,"jetpack_shortlink":"https:\/\/wp.me\/P8ifHg-7","jetpack-related-posts":[],"_links":{"self":[{"href":"https:\/\/thecorvallisworkshops.org\/es\/wp-json\/wp\/v2\/pages\/7","targetHints":{"allow":["GET"]}}],"collection":[{"href":"https:\/\/thecorvallisworkshops.org\/es\/wp-json\/wp\/v2\/pages"}],"about":[{"href":"https:\/\/thecorvallisworkshops.org\/es\/wp-json\/wp\/v2\/types\/page"}],"author":[{"embeddable":true,"href":"https:\/\/thecorvallisworkshops.org\/es\/wp-json\/wp\/v2\/users\/1"}],"replies":[{"embeddable":true,"href":"https:\/\/thecorvallisworkshops.org\/es\/wp-json\/wp\/v2\/comments?post=7"}],"version-history":[{"count":54,"href":"https:\/\/thecorvallisworkshops.org\/es\/wp-json\/wp\/v2\/pages\/7\/revisions"}],"predecessor-version":[{"id":681,"href":"https:\/\/thecorvallisworkshops.org\/es\/wp-json\/wp\/v2\/pages\/7\/revisions\/681"}],"wp:attachment":[{"href":"https:\/\/thecorvallisworkshops.org\/es\/wp-json\/wp\/v2\/media?parent=7"}],"curies":[{"name":"wp","href":"https:\/\/api.w.org\/{rel}","templated":true}]}}