{"id":64,"date":"2017-01-23T17:00:29","date_gmt":"2017-01-24T00:00:29","guid":{"rendered":"http:\/\/thecorvallisworkshops.org\/?page_id=64"},"modified":"2026-03-03T10:20:05","modified_gmt":"2026-03-03T18:20:05","slug":"program","status":"publish","type":"page","link":"https:\/\/thecorvallisworkshops.org\/es\/program\/","title":{"rendered":"Programa"},"content":{"rendered":"<h1><strong>M\u00e1s informaci\u00f3n pr\u00f3ximamente.<\/strong><\/h1>","protected":false},"excerpt":{"rendered":"<p>M\u00e1s informaci\u00f3n pr\u00f3ximamente.<\/p>","protected":false},"author":1,"featured_media":664,"parent":0,"menu_order":0,"comment_status":"closed","ping_status":"closed","template":"","meta":{"jetpack_post_was_ever_published":false,"footnotes":""},"class_list":["post-64","page","type-page","status-publish","has-post-thumbnail","hentry"],"aioseo_notices":[],"jetpack_sharing_enabled":true,"jetpack_shortlink":"https:\/\/wp.me\/P8ifHg-12","jetpack-related-posts":[],"_links":{"self":[{"href":"https:\/\/thecorvallisworkshops.org\/es\/wp-json\/wp\/v2\/pages\/64","targetHints":{"allow":["GET"]}}],"collection":[{"href":"https:\/\/thecorvallisworkshops.org\/es\/wp-json\/wp\/v2\/pages"}],"about":[{"href":"https:\/\/thecorvallisworkshops.org\/es\/wp-json\/wp\/v2\/types\/page"}],"author":[{"embeddable":true,"href":"https:\/\/thecorvallisworkshops.org\/es\/wp-json\/wp\/v2\/users\/1"}],"replies":[{"embeddable":true,"href":"https:\/\/thecorvallisworkshops.org\/es\/wp-json\/wp\/v2\/comments?post=64"}],"version-history":[{"count":44,"href":"https:\/\/thecorvallisworkshops.org\/es\/wp-json\/wp\/v2\/pages\/64\/revisions"}],"predecessor-version":[{"id":648,"href":"https:\/\/thecorvallisworkshops.org\/es\/wp-json\/wp\/v2\/pages\/64\/revisions\/648"}],"wp:featuredmedia":[{"embeddable":true,"href":"https:\/\/thecorvallisworkshops.org\/es\/wp-json\/wp\/v2\/media\/664"}],"wp:attachment":[{"href":"https:\/\/thecorvallisworkshops.org\/es\/wp-json\/wp\/v2\/media?parent=64"}],"curies":[{"name":"wp","href":"https:\/\/api.w.org\/{rel}","templated":true}]}}